
 
{"id":362,"date":"2026-03-30T09:18:58","date_gmt":"2026-03-30T06:18:58","guid":{"rendered":"https:\/\/byroon.fi\/om-oss\/"},"modified":"2026-03-31T22:04:58","modified_gmt":"2026-03-31T19:04:58","slug":"meista","status":"publish","type":"page","link":"https:\/\/byroon.fi\/fi\/om-oss\/","title":{"rendered":"Meist\u00e4"},"content":{"rendered":"<section data-etch-element=\"section\" class=\"hero-about\"><figure data-etch-element=\"container\" class=\"hero-about__media-wrapper\"><img decoding=\"async\" src=\"https:\/\/byroon.fi\/wp-content\/uploads\/Byroon-gruppbild.webp\" alt=\"\" srcset=\"\" sizes=\"(max-width: 1536px) 100vw, 1536px\" class=\"hero-about__media\" \/><\/figure><figure class=\"hero-about__background hero__bg\"><img loading=\"lazy\" decoding=\"async\"  sizes=\"auto, (max-width: 1920px) 100vw, 1920px\" srcset=\"https:\/\/byroon.fi\/wp-content\/uploads\/2026\/03\/Byroon_hero-bg-1.jpg 1920w, https:\/\/byroon.fi\/wp-content\/uploads\/2026\/03\/Byroon_hero-bg-1-300x55.jpg 300w, https:\/\/byroon.fi\/wp-content\/uploads\/2026\/03\/Byroon_hero-bg-1-1024x187.jpg 1024w, https:\/\/byroon.fi\/wp-content\/uploads\/2026\/03\/Byroon_hero-bg-1-150x150.jpg 150w, https:\/\/byroon.fi\/wp-content\/uploads\/2026\/03\/Byroon_hero-bg-1-768x140.jpg 768w, https:\/\/byroon.fi\/wp-content\/uploads\/2026\/03\/Byroon_hero-bg-1-1536x280.jpg 1536w, https:\/\/byroon.fi\/wp-content\/uploads\/2026\/03\/Byroon_hero-bg-1-18x3.jpg 18w\" src=\"https:\/\/byroon.fi\/wp-content\/uploads\/2026\/03\/Byroon_hero-bg-1.jpg\" alt=\"\" width=\"1920\" height=\"350\" class=\"hero-about__image\" \/><\/figure><\/section><section data-etch-element=\"section\" class=\"content-byroon\"><div data-etch-element=\"container\" class=\"content-byroon__intro\"><div class=\"section-eyebrow\"><h2 class=\"section-eyebrow__heading\">Meist\u00e4<\/h2><\/div><\/div><div data-etch-element=\"container\" class=\"content-byroon__container\"><h2 class=\"content-byroon__heading\">Paras asiakassuhde alkaa meist\u00e4.<\/h2><div class=\"content-byroon__content-wrapper\"><p class=\"content-byroon__text\"><span class=\"highlighted-text\">BYROON on paikka, jossa ihmiset kohtaavat, ideat kasvavat ja uudet tarinat saavat alkunsa.<\/span> Olemme paikallisia ja kansainv\u00e4lisi\u00e4, mutta mik\u00e4 t\u00e4rkeint\u00e4, ymm\u00e4rr\u00e4mme, mit\u00e4 tarvitset. Meilt\u00e4 l\u00f6ytyy kokemusta eri toimialoilta, kulttuureista ja ymp\u00e4rist\u00f6ist\u00e4 \u2013  aina suurista kansainv\u00e4lisist\u00e4 yrityksist\u00e4 yritt\u00e4jiin, jotka rakentavat omaa polkuaan. Se tekee meist\u00e4 monipuolisia, luotettavia ja ajankohtaisia.<\/p><p class=\"content-byroon__text\"><span class=\"highlighted-text\">Uskomme omaper\u00e4isyyteen, ammattitaitoon ja aitouteen.<\/span> Maailmassa, joka on t\u00e4ynn\u00e4 geneerist\u00e4 sis\u00e4lt\u00f6\u00e4, annamme viestinn\u00e4lle takaisin sen sielun. Sen pit\u00e4\u00e4 n\u00e4ky\u00e4. Sen pit\u00e4\u00e4 tuntua. Sen pit\u00e4\u00e4 j\u00e4\u00e4d\u00e4 mieleen.<\/p><p class=\"content-byroon__text\"><span class=\"highlighted-text\">Kameran edess\u00e4 teemme kaiken helpoksi.<\/span> Luomme itsevarmuutta, n\u00e4k\u00f6kulmia ja ideoita, jotka auttavat sinua luomaan yhteyden. T\u00e4m\u00e4 on markkinointia oikeille ihmisille. Oikeilla tarinoilla. Jotka tuottavat todellisia tuloksia.<\/p><div><p class=\"content-byroon__text highlighted-text\">Ihmiset. Vuorovaikutus. L\u00e4sn\u00e4olo. Tarinat. <\/p><p class=\"content-byroon__text\">Siit\u00e4 me aloitamme. Ja sinne me aina palaamme.<\/p><\/div><\/div><\/div><\/section><section data-etch-element=\"section\" class=\"team-section-delta\"><div data-etch-element=\"container\" data-intro-style=\"Center\" class=\"section-intro\"><div data-etch-element=\"flex-div\" class=\"section-intro__content-wrapper\"><h2 class=\"section-intro__heading\">Crew<\/h2><p class=\"section-intro__headline h2\">Meid\u00e4n tiimi<\/p><\/div><\/div><ul data-etch-element=\"container\" class=\"team-section-delta__team-list\"><li class=\"team-section-delta__team-list-item\"><div class=\"avatar-alpha\" data-layout=\"center\"><figure data-etch-element=\"flex-div\" class=\"avatar-alpha__avatar-wrapper\"><img decoding=\"async\" src=\"https:\/\/byroon.fi\/wp-content\/uploads\/Anna-Bertills.webp\" alt=\"\" class=\"avatar-alpha__avatar\" style=\"--avatar-size: 12rem\" \/><\/figure><div data-etch-element=\"flex-div\" class=\"avatar-alpha__content-wrapper\" style=\"--font-size: var(--text-m, 1rem)\"><p class=\"avatar-alpha__avatar-name\">Anna Bertills<\/p><p class=\"avatar-alpha__avatar-description\">CEO | Political Scientist | Strategist<\/p><p class=\"avatar-alpha__avatar-email\">anna@byroon.fi<\/p><\/div><\/div><\/li><li class=\"team-section-delta__team-list-item\"><div class=\"avatar-alpha\" data-layout=\"center\"><figure data-etch-element=\"flex-div\" class=\"avatar-alpha__avatar-wrapper\"><img decoding=\"async\" src=\"https:\/\/byroon.fi\/wp-content\/uploads\/Linda-Pahls.webp\" alt=\"\" class=\"avatar-alpha__avatar\" style=\"--avatar-size: 12rem\" \/><\/figure><div data-etch-element=\"flex-div\" class=\"avatar-alpha__content-wrapper\" style=\"--font-size: var(--text-m, 1rem)\"><p class=\"avatar-alpha__avatar-name\">Linda P\u00e5hls<\/p><p class=\"avatar-alpha__avatar-description\">Art director | Graphic Designer<\/p><p class=\"avatar-alpha__avatar-email\">linda@byroon.fi<\/p><\/div><\/div><\/li><li class=\"team-section-delta__team-list-item\"><div class=\"avatar-alpha\" data-layout=\"center\"><figure data-etch-element=\"flex-div\" class=\"avatar-alpha__avatar-wrapper\"><img decoding=\"async\" src=\"https:\/\/byroon.fi\/wp-content\/uploads\/Felix-Rantschukoff.webp\" alt=\"\" class=\"avatar-alpha__avatar\" style=\"--avatar-size: 12rem\" \/><\/figure><div data-etch-element=\"flex-div\" class=\"avatar-alpha__content-wrapper\" style=\"--font-size: var(--text-m, 1rem)\"><p class=\"avatar-alpha__avatar-name\">Felix Rantschukoff<\/p><p class=\"avatar-alpha__avatar-description\">Video Production Manager<\/p><p class=\"avatar-alpha__avatar-email\">felix@byroon.fi<\/p><\/div><\/div><\/li><li class=\"team-section-delta__team-list-item\"><div class=\"avatar-alpha\" data-layout=\"center\"><figure data-etch-element=\"flex-div\" class=\"avatar-alpha__avatar-wrapper\"><img decoding=\"async\" src=\"https:\/\/byroon.fi\/wp-content\/uploads\/Hannah-Kjellman.webp\" alt=\"\" class=\"avatar-alpha__avatar\" style=\"--avatar-size: 12rem\" \/><\/figure><div data-etch-element=\"flex-div\" class=\"avatar-alpha__content-wrapper\" style=\"--font-size: var(--text-m, 1rem)\"><p class=\"avatar-alpha__avatar-name\">Hannah Kjellman<\/p><p class=\"avatar-alpha__avatar-description\">Content Specialist | Photographer<\/p><p class=\"avatar-alpha__avatar-email\">hannah@byroon.fi<\/p><\/div><\/div><\/li><li class=\"team-section-delta__team-list-item\"><div class=\"avatar-alpha\" data-layout=\"center\"><figure data-etch-element=\"flex-div\" class=\"avatar-alpha__avatar-wrapper\"><img decoding=\"async\" src=\"https:\/\/byroon.fi\/wp-content\/uploads\/Felicia-Hendersson.webp\" alt=\"\" class=\"avatar-alpha__avatar\" style=\"--avatar-size: 12rem\" \/><\/figure><div data-etch-element=\"flex-div\" class=\"avatar-alpha__content-wrapper\" style=\"--font-size: var(--text-m, 1rem)\"><p class=\"avatar-alpha__avatar-name\">Felic\u00e9 Hendersson<\/p><p class=\"avatar-alpha__avatar-description\">Content Specialist<\/p><p class=\"avatar-alpha__avatar-email\">felice@byroon.fi<\/p><\/div><\/div><\/li><li class=\"team-section-delta__team-list-item\"><div class=\"avatar-alpha\" data-layout=\"center\"><figure data-etch-element=\"flex-div\" class=\"avatar-alpha__avatar-wrapper\"><img decoding=\"async\" src=\"https:\/\/byroon.fi\/wp-content\/uploads\/Jacob-Aberg.webp\" alt=\"\" class=\"avatar-alpha__avatar\" style=\"--avatar-size: 12rem\" \/><\/figure><div data-etch-element=\"flex-div\" class=\"avatar-alpha__content-wrapper\" style=\"--font-size: var(--text-m, 1rem)\"><p class=\"avatar-alpha__avatar-name\">Jacob \u00c5berg<\/p><p class=\"avatar-alpha__avatar-description\">Photographer | Videographer<\/p><p class=\"avatar-alpha__avatar-email\">jacob@byroon.fi<\/p><\/div><\/div><\/li><li class=\"team-section-delta__team-list-item\"><div class=\"avatar-alpha\" data-layout=\"center\"><figure data-etch-element=\"flex-div\" class=\"avatar-alpha__avatar-wrapper\"><img decoding=\"async\" src=\"https:\/\/byroon.fi\/wp-content\/uploads\/Ronja-Juola.webp\" alt=\"\" class=\"avatar-alpha__avatar\" style=\"--avatar-size: 12rem\" \/><\/figure><div data-etch-element=\"flex-div\" class=\"avatar-alpha__content-wrapper\" style=\"--font-size: var(--text-m, 1rem)\"><p class=\"avatar-alpha__avatar-name\">Ronja Juola<\/p><p class=\"avatar-alpha__avatar-description\">Content Specialist<\/p><p class=\"avatar-alpha__avatar-email\">ronja@byroon.fi<\/p><\/div><\/div><\/li><li class=\"team-section-delta__team-list-item\"><div class=\"avatar-alpha\" data-layout=\"center\"><figure data-etch-element=\"flex-div\" class=\"avatar-alpha__avatar-wrapper\"><img decoding=\"async\" src=\"https:\/\/byroon.fi\/wp-content\/uploads\/Alva-Thors.webp\" alt=\"\" class=\"avatar-alpha__avatar\" style=\"--avatar-size: 12rem\" \/><\/figure><div data-etch-element=\"flex-div\" class=\"avatar-alpha__content-wrapper\" style=\"--font-size: var(--text-m, 1rem)\"><p class=\"avatar-alpha__avatar-name\">Alva Thors<\/p><p class=\"avatar-alpha__avatar-description\">Content Specialist<\/p><p class=\"avatar-alpha__avatar-email\">alva@byroon.fi<\/p><\/div><\/div><\/li><\/ul><\/section><section data-etch-element=\"section\" class=\"cta-section\"><div data-etch-element=\"container\" class=\"cta-section__container\"><div class=\"cta-card\"><div class=\"cta-card__left\"><figure class=\"cta-card__figure\"><img loading=\"lazy\" decoding=\"async\"  sizes=\"auto, (max-width: 500px) 100vw, 500px\" srcset=\"https:\/\/byroon.fi\/wp-content\/uploads\/2026\/03\/Byroon-textlogo.webp 500w, https:\/\/byroon.fi\/wp-content\/uploads\/2026\/03\/Byroon-textlogo-300x226.webp 300w, https:\/\/byroon.fi\/wp-content\/uploads\/2026\/03\/Byroon-textlogo-150x150.webp 150w, https:\/\/byroon.fi\/wp-content\/uploads\/2026\/03\/Byroon-textlogo-16x12.webp 16w\" src=\"https:\/\/byroon.fi\/wp-content\/uploads\/2026\/03\/Byroon-textlogo.webp\" alt=\"\" width=\"500\" height=\"377\" \/><\/figure><\/div><div class=\"cta-card__right\"><h2 class=\"cta-card__headline\">Ota yhteytt\u00e4!<\/h2><p class=\"cta-card__subheadline\">Me toteutamme ideasi.<\/p><div class=\"cta-card__cta-wrapper\"><a href=\"\/fi\/offertforfragan\/\" class=\"cta-card__primary-cta btn--primary\">Pyyd\u00e4 tarjous<\/a><a href=\"\/fi\/yhteystiedot\/\" class=\"cta-card__secondary-cta btn--secondary\">Ota yhteytt\u00e4<\/a><\/div><\/div><\/div><\/div><\/section>","protected":false},"excerpt":{"rendered":"","protected":false},"author":1,"featured_media":0,"parent":0,"menu_order":0,"comment_status":"closed","ping_status":"closed","template":"","meta":{"_acf_changed":false,"slim_seo":{"title":"Om oss - Byroon","description":""},"footnotes":""},"class_list":["post-362","page","type-page","status-publish","hentry"],"acf":[],"_links":{"self":[{"href":"https:\/\/byroon.fi\/fi\/wp-json\/wp\/v2\/pages\/362","targetHints":{"allow":["GET"]}}],"collection":[{"href":"https:\/\/byroon.fi\/fi\/wp-json\/wp\/v2\/pages"}],"about":[{"href":"https:\/\/byroon.fi\/fi\/wp-json\/wp\/v2\/types\/page"}],"author":[{"embeddable":true,"href":"https:\/\/byroon.fi\/fi\/wp-json\/wp\/v2\/users\/1"}],"replies":[{"embeddable":true,"href":"https:\/\/byroon.fi\/fi\/wp-json\/wp\/v2\/comments?post=362"}],"version-history":[{"count":21,"href":"https:\/\/byroon.fi\/fi\/wp-json\/wp\/v2\/pages\/362\/revisions"}],"predecessor-version":[{"id":30036,"href":"https:\/\/byroon.fi\/fi\/wp-json\/wp\/v2\/pages\/362\/revisions\/30036"}],"wp:attachment":[{"href":"https:\/\/byroon.fi\/fi\/wp-json\/wp\/v2\/media?parent=362"}],"curies":[{"name":"wp","href":"https:\/\/api.w.org\/{rel}","templated":true}]}}