
 
{"id":344,"date":"2026-03-30T06:05:54","date_gmt":"2026-03-30T03:05:54","guid":{"rendered":"https:\/\/byroon.fi\/tjanster\/"},"modified":"2026-03-31T23:05:37","modified_gmt":"2026-03-31T20:05:37","slug":"palvelut","status":"publish","type":"page","link":"https:\/\/byroon.fi\/fi\/tjanster\/","title":{"rendered":"Palvelut"},"content":{"rendered":"<section data-etch-element=\"section\" class=\"hero-victor\"><div data-etch-element=\"container\" class=\"hero-victor__main\"><div data-etch-element=\"flex-div\" class=\"hero-victor__content-wrapper\"><h1 class=\"hero-victor__heading\">Markkinointi. Tuotanto. Kommunikaatio.<\/h1><p class=\"hero-victor__text\">Ett starkt varum\u00e4rke som fungerar digitalt \u00e4r avg\u00f6rande f\u00f6r er tillv\u00e4xt. Ni beh\u00f6ver finnas d\u00e4r era kunder finns \u2013 och g\u00f6ra ett intryck som h\u00e5ller.  BYROON \u00e4r en id\u00e9rik marknadsf\u00f6rings- och kommunikationsbyr\u00e5. Vi kombinerar relevant inneh\u00e5ll med smart digital synlighet.<\/p><\/div><figure data-etch-element=\"flex-div\" class=\"hero-victor__media-wrapper\"><img decoding=\"async\" src=\"https:\/\/byroon.fi\/wp-content\/uploads\/IMG_9889-1.webp\" alt=\"\" srcset=\"\" sizes=\"(max-width: 1024px) 100vw, 1024px\" class=\"hero-victor__image\" \/><\/figure><\/div><ul data-etch-element=\"container\" class=\"hero-victor__list\"><li class=\"hero-victor__list-item\"><article data-etch-element=\"flex-div\" class=\"feature-card-alpha\"><figure class=\"feature-card-alpha__icon\"><img decoding=\"async\" src=\"https:\/\/byroon.fi\/wp-content\/uploads\/Byroon_marketing-badge-1.webp\" \/><\/figure><div class=\"feature-card-alpha__content-wrapper\"><h2 class=\"feature-card-alpha__heading\">Markkinointi<\/h2><p class=\"feature-card-alpha__description\">Sosiaalinen media, digitaalinen markkinointi &amp; mainonta<\/p><\/div><\/article><\/li><li class=\"hero-victor__list-item\"><article data-etch-element=\"flex-div\" class=\"feature-card-alpha\"><figure class=\"feature-card-alpha__icon\"><img decoding=\"async\" src=\"https:\/\/byroon.fi\/wp-content\/uploads\/Byroon_production-badge-1.webp\" \/><\/figure><div class=\"feature-card-alpha__content-wrapper\"><h2 class=\"feature-card-alpha__heading\">Tuotanto<\/h2><p class=\"feature-card-alpha__description\">Valokuva- ja videotuotanto, graafinen suunnittelu, br\u00e4nd\u00e4ys ja verkkosivujen suunnittelu<\/p><\/div><\/article><\/li><li class=\"hero-victor__list-item\"><article data-etch-element=\"flex-div\" class=\"feature-card-alpha\"><figure class=\"feature-card-alpha__icon\"><img decoding=\"async\" src=\"https:\/\/byroon.fi\/wp-content\/uploads\/Byroon_communication-badge-1.webp\" \/><\/figure><div class=\"feature-card-alpha__content-wrapper\"><h2 class=\"feature-card-alpha__heading\">Kommunikaatio<\/h2><p class=\"feature-card-alpha__description\">Strategia ja kommunikaatio, workshopit, koulutus ja konsultointi, public affairs<\/p><\/div><\/article><\/li><\/ul><\/section><section data-etch-element=\"section\" class=\"services-section-byroon feature-section-fiskars\"><div data-etch-element=\"container\" class=\"services-section-byroon__container\"><div class=\"services-section-byroon__content-wrapper\"><div data-tabs-equal-heights=\"true\" data-tabs-style=\"vertical\" data-tabs-mobile=\"true\" data-tabs-mobile-breakpoint=\"767\" data-tabs-animation=\"true\" class=\"sn-tabs\"><div data-tab-title=\"Sociala medier\" class=\"sn-tabs__panel smart-spacing\"><div class=\"service-item-card\"><h3 class=\"service-item-card__service-item-heading\">Sosiaalinen media<\/h3><div class=\"service-item-card__service-item-content\"><div class=\"service-item-card__service-item-content-wrapper\"><p class=\"service-item-card__service-item-headline\">Ole vuorovaikutuksessa kohderyhm\u00e4si kanssa.<\/p><p class=\"service-item-card__text\">L\u00f6yd\u00e4mme sinulle oman tavan ja \u00e4\u00e4nens\u00e4vyn luoda sis\u00e4lt\u00f6\u00e4 \u2013 TikTokista Instagram Reelsiin. Luo omaa sis\u00e4lt\u00f6\u00e4 yhdistettyn\u00e4 meid\u00e4n tuottamaamme, tai anna meid\u00e4n ottaa ohjat kokonaan. Teemme videoita, graafista materiaalia, tekstej\u00e4 ja kuvia, jotka saavat yleis\u00f6si pys\u00e4htym\u00e4\u00e4n, reagoimaan ja muistamaan.<\/p><\/div><div class=\"service-item-card__service-item-media-wrapper\"><figure class=\"service-item-card__media-1\"><img decoding=\"async\" src=\"https:\/\/placehold.co\/1920x1080\" \/><\/figure><figure class=\"service-item-card__media-2\"><img decoding=\"async\" src=\"https:\/\/placehold.co\/1920x1080\" \/><\/figure><figure class=\"service-item-card__media-3\"><img decoding=\"async\" src=\"https:\/\/placehold.co\/1920x1080\" \/><\/figure><\/div><\/div><\/div><\/div><div data-tab-title=\"Digital marknadsf\u00f6ring och annonsering\" class=\"sn-tabs__panel smart-spacing\"><div class=\"service-item-card\"><h3 class=\"service-item-card__service-item-heading\">Digitaalinen markkinointi ja mainonta<\/h3><div class=\"service-item-card__service-item-content\"><div class=\"service-item-card__service-item-content-wrapper\"><p class=\"service-item-card__service-item-headline\">Haluatko kasvattaa myynti\u00e4si?<\/p><p class=\"service-item-card__text\">Onko sinulla vaikeuksia tavoittaa uusi kohderyhm\u00e4? Haluatko kertoa, kuka olet ja mit\u00e4 teet? Digitaalisen markkinoinnin avulla Googlessa, Metassa, TikTokissa, Snapchatissa tai digitaalisissa lehdiss\u00e4 varmistamme, ett\u00e4 saat mainonnastasi maksimaalisen hy\u00f6dyn \u2013 budjetista riippumatta.<\/p><\/div><div class=\"service-item-card__service-item-media-wrapper\"><figure class=\"service-item-card__media-1\"><img decoding=\"async\" src=\"https:\/\/placehold.co\/1920x1080\" \/><\/figure><figure class=\"service-item-card__media-2\"><img decoding=\"async\" src=\"https:\/\/placehold.co\/1920x1080\" \/><\/figure><figure class=\"service-item-card__media-3\"><img decoding=\"async\" src=\"https:\/\/placehold.co\/1920x1080\" \/><\/figure><\/div><\/div><\/div><\/div><\/div><div data-tabs-equal-heights=\"true\" data-tabs-style=\"vertical\" data-tabs-mobile=\"true\" data-tabs-mobile-breakpoint=\"767\" data-tabs-animation=\"true\" class=\"sn-tabs\"><div data-tab-title=\"Foto- och videoproduktion\" class=\"sn-tabs__panel smart-spacing\"><div class=\"service-item-card\"><h3 class=\"service-item-card__service-item-heading\">Valokuva- ja videotuotanto<\/h3><div class=\"service-item-card__service-item-content\"><div class=\"service-item-card__service-item-content-wrapper\"><p class=\"service-item-card__service-item-headline\">Lyhytvideot, yritysvideot, some-sis\u00e4lt\u00f6 tai tv-mainokset.<\/p><p class=\"service-item-card__text\">Rakkaalla lapsella on monta nime\u00e4. Video on suosituin tapa n\u00e4ky\u00e4. Se tuo n\u00e4kyvyytt\u00e4, uskottavuutta ja hyvi\u00e4 tuloksia digitaalisessa mainonnassa. Yhdist\u00e4 valokuvauksen kanssa ja hy\u00f6dynn\u00e4 tuotanto maksimaalisesti.<\/p><\/div><div class=\"service-item-card__service-item-media-wrapper\"><figure class=\"service-item-card__media-1\"><img decoding=\"async\" src=\"https:\/\/placehold.co\/1920x1080\" \/><\/figure><figure class=\"service-item-card__media-2\"><img decoding=\"async\" src=\"https:\/\/placehold.co\/1920x1080\" \/><\/figure><figure class=\"service-item-card__media-3\"><img decoding=\"async\" src=\"https:\/\/placehold.co\/1920x1080\" \/><\/figure><\/div><\/div><\/div><\/div><div data-tab-title=\"Grafisk design, branding och webbdesign\" class=\"sn-tabs__panel smart-spacing\"><div class=\"service-item-card\"><h3 class=\"service-item-card__service-item-heading\">Graafinen suunnittelu, br\u00e4nd\u00e4ys ja verkkosivujen suunnittelu<\/h3><div class=\"service-item-card__service-item-content\"><div class=\"service-item-card__service-item-content-wrapper\"><p class=\"service-item-card__service-item-headline\">Rakenna br\u00e4ndi\u00e4si ja vahvista viesti\u00e4si.<\/p><p class=\"service-item-card__text\">Selke\u00e4 pohja lis\u00e4\u00e4 n\u00e4kyvyytt\u00e4si ja tunnistettavuuttasi. Kun layout on kohdillaan, br\u00e4ndi on kunnossa ja webdesign toimii, tunnet itsesi \u2013 tai yrityksesi \u2013 aidosti omaksesi. Silloin graafisen materiaalin tuottaminen niin paino- kuin digitaalisiin kanaviin sujuu luontevasti.<\/p><\/div><div class=\"service-item-card__service-item-media-wrapper\"><figure class=\"service-item-card__media-1\"><img decoding=\"async\" src=\"https:\/\/placehold.co\/1920x1080\" \/><\/figure><figure class=\"service-item-card__media-2\"><img decoding=\"async\" src=\"https:\/\/placehold.co\/1920x1080\" \/><\/figure><figure class=\"service-item-card__media-3\"><img decoding=\"async\" src=\"https:\/\/placehold.co\/1920x1080\" \/><\/figure><\/div><\/div><\/div><\/div><\/div><div data-tabs-equal-heights=\"true\" data-tabs-style=\"vertical\" data-tabs-mobile=\"true\" data-tabs-mobile-breakpoint=\"767\" data-tabs-animation=\"true\" class=\"sn-tabs\"><div data-tab-title=\"Strategi och kommunikation\" class=\"sn-tabs__panel smart-spacing\"><div class=\"service-item-card\"><h3 class=\"service-item-card__service-item-heading\">Strategia ja kommunikointi<\/h3><div class=\"service-item-card__service-item-content\"><div class=\"service-item-card__service-item-content-wrapper\"><p class=\"service-item-card__service-item-headline\">Strategia ei ole en\u00e4\u00e4 satasivuinen dokumentti. <\/p><p class=\"service-item-card__text\">Se on mukautuva suunnitelma, jonka tarkoitus on auttaa sinua saavuttamaan tavoitteesi. Strategiaan kuuluu my\u00f6s toimintaymp\u00e4rist\u00f6n analyysi ja omien tavoitteiden arviointi \u2013 haastavinta on kuitenkin aina sen viestiminen ja jalkauttaminen yrityksellesi ja tiimillesi. Siin\u00e4 olemme mielell\u00e4mme avuksi.<\/p><\/div><div class=\"service-item-card__service-item-media-wrapper\"><figure class=\"service-item-card__media-1\"><img decoding=\"async\" src=\"https:\/\/placehold.co\/1920x1080\" \/><\/figure><figure class=\"service-item-card__media-2\"><img decoding=\"async\" src=\"https:\/\/placehold.co\/1920x1080\" \/><\/figure><figure class=\"service-item-card__media-3\"><img decoding=\"async\" src=\"https:\/\/placehold.co\/1920x1080\" \/><\/figure><\/div><\/div><\/div><\/div><div data-tab-title=\"Workshops, utbildning och r\u00e5dgivning\" class=\"sn-tabs__panel smart-spacing\"><div class=\"service-item-card\"><h3 class=\"service-item-card__service-item-heading\">Workshopit, koulutus ja konsultointi<\/h3><div class=\"service-item-card__service-item-content\"><div class=\"service-item-card__service-item-content-wrapper\"><p class=\"service-item-card__service-item-headline\">Olemme t\u00e4\u00e4ll\u00e4 jakamassa tietoa kanssanne.<\/p><p class=\"service-item-card__text\">Koulutamme, luennoimme ja ennen kaikkea autamme sinua eteenp\u00e4in k\u00e4yt\u00e4nn\u00f6ss\u00e4. Autamme sinua, tiimi\u00e4si tai yrityst\u00e4si p\u00e4\u00e4sem\u00e4\u00e4n alkuun tai kehittym\u00e4\u00e4n edelleen \u2013 ja nostamaan osaamistanne uudelle tasolle.<\/p><\/div><div class=\"service-item-card__service-item-media-wrapper\"><figure class=\"service-item-card__media-1\"><img decoding=\"async\" src=\"https:\/\/placehold.co\/1920x1080\" \/><\/figure><figure class=\"service-item-card__media-2\"><img decoding=\"async\" src=\"https:\/\/placehold.co\/1920x1080\" \/><\/figure><figure class=\"service-item-card__media-3\"><img decoding=\"async\" src=\"https:\/\/placehold.co\/1920x1080\" \/><\/figure><\/div><\/div><\/div><\/div><div data-tab-title=\"Public affairs\" class=\"sn-tabs__panel smart-spacing\"><div class=\"service-item-card\"><h3 class=\"service-item-card__service-item-heading\">Public affairs<\/h3><div class=\"service-item-card__service-item-content\"><div class=\"service-item-card__service-item-content-wrapper\"><p class=\"service-item-card__service-item-headline\">P\u00e4\u00e4t\u00f6ksentekoon vaikuttaminen ja luottamuksen rakentaminen.<\/p><p class=\"service-item-card__text\">Strategisen neuvonannon, suhteiden ja verkostojen rakentamisen sek\u00e4 tehokkaan viestinn\u00e4n avulla vahvistamme asemaasi ja vaikutamme sinulle t\u00e4rkeisiin p\u00e4\u00e4t\u00f6ksiin. Public affairs on ymm\u00e4rryksen luomista, tulosten saavuttamista ja t\u00e4rke\u00e4n luottamuksen vahvistamista.<\/p><\/div><div class=\"service-item-card__service-item-media-wrapper\"><figure class=\"service-item-card__media-1\"><img decoding=\"async\" src=\"https:\/\/placehold.co\/1920x1080\" \/><\/figure><figure class=\"service-item-card__media-2\"><img decoding=\"async\" src=\"https:\/\/placehold.co\/1920x1080\" \/><\/figure><figure class=\"service-item-card__media-3\"><img decoding=\"async\" src=\"https:\/\/placehold.co\/1920x1080\" \/><\/figure><\/div><\/div><\/div><\/div><\/div><\/div><\/div><\/section>","protected":false},"excerpt":{"rendered":"","protected":false},"author":1,"featured_media":0,"parent":0,"menu_order":0,"comment_status":"closed","ping_status":"closed","template":"","meta":{"_acf_changed":false,"slim_seo":{"title":"Tj\u00e4nster - Byroon","description":""},"footnotes":""},"class_list":["post-344","page","type-page","status-publish","hentry"],"acf":[],"_links":{"self":[{"href":"https:\/\/byroon.fi\/fi\/wp-json\/wp\/v2\/pages\/344","targetHints":{"allow":["GET"]}}],"collection":[{"href":"https:\/\/byroon.fi\/fi\/wp-json\/wp\/v2\/pages"}],"about":[{"href":"https:\/\/byroon.fi\/fi\/wp-json\/wp\/v2\/types\/page"}],"author":[{"embeddable":true,"href":"https:\/\/byroon.fi\/fi\/wp-json\/wp\/v2\/users\/1"}],"replies":[{"embeddable":true,"href":"https:\/\/byroon.fi\/fi\/wp-json\/wp\/v2\/comments?post=344"}],"version-history":[{"count":16,"href":"https:\/\/byroon.fi\/fi\/wp-json\/wp\/v2\/pages\/344\/revisions"}],"predecessor-version":[{"id":30045,"href":"https:\/\/byroon.fi\/fi\/wp-json\/wp\/v2\/pages\/344\/revisions\/30045"}],"wp:attachment":[{"href":"https:\/\/byroon.fi\/fi\/wp-json\/wp\/v2\/media?parent=344"}],"curies":[{"name":"wp","href":"https:\/\/api.w.org\/{rel}","templated":true}]}}