
 
{"id":29929,"date":"2026-03-30T15:26:27","date_gmt":"2026-03-30T12:26:27","guid":{"rendered":"https:\/\/byroon.fi\/kontakt\/"},"modified":"2026-03-31T07:35:24","modified_gmt":"2026-03-31T04:35:24","slug":"yhteystiedot","status":"publish","type":"page","link":"https:\/\/byroon.fi\/fi\/kontakt\/","title":{"rendered":"Yhteystiedot"},"content":{"rendered":"<section data-etch-element=\"section\" class=\"hero-fizzy\"><div data-etch-element=\"container\" data-intro-style=\"Center\" class=\"section-intro\"><div data-etch-element=\"flex-div\" class=\"section-intro__content-wrapper\"><h2 class=\"section-intro__heading\">Yhteystiedot<\/h2><p class=\"section-intro__headline h2\">Haluatko ottaa meihin yhteytt\u00e4?<\/p><p class=\"section-intro__lede\">Ota yhteytt\u00e4 tai t\u00e4yt\u00e4 yhteydenottolomakkeemme!<\/p><p class=\"section-intro__lede\">info@byroon.fi | +358 50 354 27 20<\/p><\/div><\/div><div data-etch-element=\"container\" class=\"hero-fizzy__media-wrapper\"><img decoding=\"async\" src=\"https:\/\/byroon.fi\/wp-content\/uploads\/Hero-byroon_contact.webp\" class=\"hero-fizzy__media\" alt=\"\" srcset=\"\" sizes=\"(max-width: 1920px) 100vw, 1920px\" \/><\/div><\/section><section data-etch-element=\"section\" class=\"contact-form\" id=\"offert\"><div data-etch-element=\"container\" class=\"contact-form__form-wrapper\"><span class=\"contact-form__form\"><form action=\"https:\/\/byroon.fi\/fi\/wp-json\/ws-form\/v1\/submit\" class=\"wsf-form wsf-form-canvas\" id=\"ws-form-1\" data-id=\"1\" method=\"POST\" data-instance-id=\"1\" data-wsf-style-id=\"1\" data-trp-original-action=\"https:\/\/byroon.fi\/fi\/wp-json\/ws-form\/v1\/submit\"><input type=\"hidden\" name=\"trp-form-language\" value=\"fi\"\/><\/form><\/span><\/div><\/section><div class=\"fw-multi-map-component\"><div tabindex=\"0\" data-zoom=\"10\" data-max-fit-zoom=\"\" data-fit-padding=\"24\" data-tile-url=\"\" data-scroll-zoom=\"true\" data-cluster=\"false\" data-disable-clustering-at-zoom=\"\" data-max-cluster-radius=\"\" data-show-coverage-on-hover=\"false\" data-spiderfy-on-max-zoom=\"\" data-zoom-to-bounds-on-click=\"\" role=\"region\" aria-label=\"\" style=\"--fw-mm-height: 600px;\" class=\"fw-mm\"><div class=\"fw-mm__canvas\"><\/div><div role=\"group\" aria-label=\"Map controls\" class=\"fw-mm__controls\"><button type=\"button\" data-fw-mm-action=\"recenter\" class=\"btn--primary\">Keskit\u00e4 kartta <\/button><\/div><span class=\"fw-mm__marker\" data-lat=\"63.097335\" data-lng=\"21.619892\" data-title=\"Byroon Vasa\" data-address=\"Hovr\u00e4ttsesplanaden 23, 65100 Vasa\"><\/span><span class=\"fw-mm__marker\" data-lat=\"63.129938\" data-lng=\"22.251669\" data-title=\"Byroon V\u00f6r\u00e5\" data-address=\"V\u00f6r\u00e5v\u00e4gen 8, 66600 V\u00f6r\u00e5\"><\/span><\/div><\/div>","protected":false},"excerpt":{"rendered":"","protected":false},"author":1,"featured_media":0,"parent":0,"menu_order":0,"comment_status":"closed","ping_status":"closed","template":"","meta":{"_acf_changed":false,"slim_seo":{"title":"Kontakt - Byroon","description":""},"footnotes":""},"class_list":["post-29929","page","type-page","status-publish","hentry"],"acf":[],"_links":{"self":[{"href":"https:\/\/byroon.fi\/fi\/wp-json\/wp\/v2\/pages\/29929","targetHints":{"allow":["GET"]}}],"collection":[{"href":"https:\/\/byroon.fi\/fi\/wp-json\/wp\/v2\/pages"}],"about":[{"href":"https:\/\/byroon.fi\/fi\/wp-json\/wp\/v2\/types\/page"}],"author":[{"embeddable":true,"href":"https:\/\/byroon.fi\/fi\/wp-json\/wp\/v2\/users\/1"}],"replies":[{"embeddable":true,"href":"https:\/\/byroon.fi\/fi\/wp-json\/wp\/v2\/comments?post=29929"}],"version-history":[{"count":16,"href":"https:\/\/byroon.fi\/fi\/wp-json\/wp\/v2\/pages\/29929\/revisions"}],"predecessor-version":[{"id":29966,"href":"https:\/\/byroon.fi\/fi\/wp-json\/wp\/v2\/pages\/29929\/revisions\/29966"}],"wp:attachment":[{"href":"https:\/\/byroon.fi\/fi\/wp-json\/wp\/v2\/media?parent=29929"}],"curies":[{"name":"wp","href":"https:\/\/api.w.org\/{rel}","templated":true}]}}